{"id":10638,"date":"2024-04-09T10:29:11","date_gmt":"2024-04-09T10:29:11","guid":{"rendered":"https:\/\/shop.lincasa.lt\/product\/linine-antklode-la256\/"},"modified":"2024-09-02T11:50:14","modified_gmt":"2024-09-02T11:50:14","slug":"linine-antklode-la256","status":"publish","type":"product","link":"https:\/\/shop.lincasa.lt\/en\/product\/linine-antklode-la256\/","title":{"rendered":"Linen duvet LA256"},"content":{"rendered":"<p><span><br \/>\n<table cellspacing=\"0\" cellpadding=\"0\" width=\"758\" border=\"0\"><br \/>\n<colgroup><br \/>\n<col width=\"758\"><br \/>\n<tbody><br \/>\n<tr><br \/>\n<td height=\"24\" width=\"758\"><font face=\"Calibri\">Prabangiai mink\u0161tos ir kv\u0117puojan\u010dios linin\u0117s antklod\u0117s taps kiekvieno modernaus miegamojo pagrindiniu elementu. Nat\u016bralios termoreguliacin\u0117s ir dr\u0117gm\u0119 sugerian\u010dios lino savyb\u0117s garantuoja komforto jausm\u0105 i\u0161tisus metus.<\/font><\/td><\/tr><\/tbody><\/table><\/span><\/p>","protected":false},"excerpt":{"rendered":"<p>Nat\u016bralios lino spalvos linin\u0117 antklod\u0117<\/p>","protected":false},"featured_media":10702,"comment_status":"open","ping_status":"closed","template":"","meta":{"_acf_changed":false,"_monsterinsights_skip_tracking":false,"_monsterinsights_sitenote_active":false,"_monsterinsights_sitenote_note":"","_monsterinsights_sitenote_category":0},"product_cat":[1187],"product_tag":[],"class_list":{"0":"post-10638","1":"product","2":"type-product","3":"status-publish","4":"has-post-thumbnail","6":"product_cat-uncategorized","8":"first","9":"instock","10":"taxable","11":"shipping-taxable","12":"product-type-variable","13":"wvs-archive-product-wrapper"},"acf":[],"aioseo_notices":[],"_links":{"self":[{"href":"https:\/\/shop.lincasa.lt\/en\/wp-json\/wp\/v2\/product\/10638","targetHints":{"allow":["GET"]}}],"collection":[{"href":"https:\/\/shop.lincasa.lt\/en\/wp-json\/wp\/v2\/product"}],"about":[{"href":"https:\/\/shop.lincasa.lt\/en\/wp-json\/wp\/v2\/types\/product"}],"replies":[{"embeddable":true,"href":"https:\/\/shop.lincasa.lt\/en\/wp-json\/wp\/v2\/comments?post=10638"}],"wp:featuredmedia":[{"embeddable":true,"href":"https:\/\/shop.lincasa.lt\/en\/wp-json\/wp\/v2\/media\/10702"}],"wp:attachment":[{"href":"https:\/\/shop.lincasa.lt\/en\/wp-json\/wp\/v2\/media?parent=10638"}],"wp:term":[{"taxonomy":"product_cat","embeddable":true,"href":"https:\/\/shop.lincasa.lt\/en\/wp-json\/wp\/v2\/product_cat?post=10638"},{"taxonomy":"product_tag","embeddable":true,"href":"https:\/\/shop.lincasa.lt\/en\/wp-json\/wp\/v2\/product_tag?post=10638"}],"curies":[{"name":"wp","href":"https:\/\/api.w.org\/{rel}","templated":true}]}}