{"id":10635,"date":"2024-04-09T10:29:07","date_gmt":"2024-04-09T10:29:07","guid":{"rendered":"https:\/\/shop.lincasa.lt\/product\/pagalves-uzvalkalas-40x40-cm\/"},"modified":"2024-09-09T10:36:54","modified_gmt":"2024-09-09T10:36:54","slug":"pagalves-uzvalkalas-40x40-cm","status":"publish","type":"product","link":"https:\/\/shop.lincasa.lt\/en\/product\/pagalves-uzvalkalas-40x40-cm\/","title":{"rendered":"Pillowcase 40X40 cm"},"content":{"rendered":"<p><table cellspacing=\"0\" cellpadding=\"0\" width=\"214\" border=\"0\"><br \/>\n<colgroup><br \/>\n<col width=\"214\"><br \/>\n<tbody><br \/>\n<tr><br \/>\n<td height=\"24\" width=\"214\"><font face=\"Calibri\">Paprastas klasikinis lininis pagalv\u0117s u\u017evalkalas. Pagaminta i\u0161 100% nat\u016bralios med\u017eiagos, tod\u0117l nesukels odos dirginimo.<\/font><\/td><\/tr><\/tbody><\/table><\/p>","protected":false},"excerpt":{"rendered":"<p>Lininis pagalv\u0117s u\u017evalkalas<\/p>","protected":false},"featured_media":10699,"comment_status":"open","ping_status":"closed","template":"","meta":{"_acf_changed":false,"_monsterinsights_skip_tracking":false,"_monsterinsights_sitenote_active":false,"_monsterinsights_sitenote_note":"","_monsterinsights_sitenote_category":0},"product_cat":[1187],"product_tag":[],"class_list":{"0":"post-10635","1":"product","2":"type-product","3":"status-publish","4":"has-post-thumbnail","6":"product_cat-uncategorized","8":"first","9":"instock","10":"taxable","11":"shipping-taxable","12":"purchasable","13":"product-type-simple"},"acf":[],"aioseo_notices":[],"_links":{"self":[{"href":"https:\/\/shop.lincasa.lt\/en\/wp-json\/wp\/v2\/product\/10635","targetHints":{"allow":["GET"]}}],"collection":[{"href":"https:\/\/shop.lincasa.lt\/en\/wp-json\/wp\/v2\/product"}],"about":[{"href":"https:\/\/shop.lincasa.lt\/en\/wp-json\/wp\/v2\/types\/product"}],"replies":[{"embeddable":true,"href":"https:\/\/shop.lincasa.lt\/en\/wp-json\/wp\/v2\/comments?post=10635"}],"wp:featuredmedia":[{"embeddable":true,"href":"https:\/\/shop.lincasa.lt\/en\/wp-json\/wp\/v2\/media\/10699"}],"wp:attachment":[{"href":"https:\/\/shop.lincasa.lt\/en\/wp-json\/wp\/v2\/media?parent=10635"}],"wp:term":[{"taxonomy":"product_cat","embeddable":true,"href":"https:\/\/shop.lincasa.lt\/en\/wp-json\/wp\/v2\/product_cat?post=10635"},{"taxonomy":"product_tag","embeddable":true,"href":"https:\/\/shop.lincasa.lt\/en\/wp-json\/wp\/v2\/product_tag?post=10635"}],"curies":[{"name":"wp","href":"https:\/\/api.w.org\/{rel}","templated":true}]}}