{"id":10633,"date":"2024-04-09T10:29:07","date_gmt":"2024-04-09T10:29:07","guid":{"rendered":"https:\/\/shop.lincasa.lt\/product\/linine-paklode-150x250-cm\/"},"modified":"2024-09-09T10:36:54","modified_gmt":"2024-09-09T10:36:54","slug":"linine-paklode-150x250-cm","status":"publish","type":"product","link":"https:\/\/shop.lincasa.lt\/en\/product\/linine-paklode-150x250-cm\/","title":{"rendered":"Linen sheet 150\u00d7250 cm"},"content":{"rendered":"<p>Auk\u0161tos kokyb\u0117s ir mink\u0161ta linin\u0117 paklod\u0117 pad\u0117s jums miegoti ir jaustis patogiai vis\u0105 nakt\u012f iki pabudimo<\/p>","protected":false},"excerpt":{"rendered":"<p>100% linin\u0117 paklod\u0117<\/p>","protected":false},"featured_media":10697,"comment_status":"open","ping_status":"closed","template":"","meta":{"_acf_changed":false,"_monsterinsights_skip_tracking":false,"_monsterinsights_sitenote_active":false,"_monsterinsights_sitenote_note":"","_monsterinsights_sitenote_category":0},"product_cat":[1187],"product_tag":[],"class_list":{"0":"post-10633","1":"product","2":"type-product","3":"status-publish","4":"has-post-thumbnail","6":"product_cat-uncategorized","8":"first","9":"instock","10":"taxable","11":"shipping-taxable","12":"purchasable","13":"product-type-simple"},"acf":[],"aioseo_notices":[],"_links":{"self":[{"href":"https:\/\/shop.lincasa.lt\/en\/wp-json\/wp\/v2\/product\/10633","targetHints":{"allow":["GET"]}}],"collection":[{"href":"https:\/\/shop.lincasa.lt\/en\/wp-json\/wp\/v2\/product"}],"about":[{"href":"https:\/\/shop.lincasa.lt\/en\/wp-json\/wp\/v2\/types\/product"}],"replies":[{"embeddable":true,"href":"https:\/\/shop.lincasa.lt\/en\/wp-json\/wp\/v2\/comments?post=10633"}],"wp:featuredmedia":[{"embeddable":true,"href":"https:\/\/shop.lincasa.lt\/en\/wp-json\/wp\/v2\/media\/10697"}],"wp:attachment":[{"href":"https:\/\/shop.lincasa.lt\/en\/wp-json\/wp\/v2\/media?parent=10633"}],"wp:term":[{"taxonomy":"product_cat","embeddable":true,"href":"https:\/\/shop.lincasa.lt\/en\/wp-json\/wp\/v2\/product_cat?post=10633"},{"taxonomy":"product_tag","embeddable":true,"href":"https:\/\/shop.lincasa.lt\/en\/wp-json\/wp\/v2\/product_tag?post=10633"}],"curies":[{"name":"wp","href":"https:\/\/api.w.org\/{rel}","templated":true}]}}