{"id":10632,"date":"2024-04-09T10:29:07","date_gmt":"2024-04-09T10:29:07","guid":{"rendered":"https:\/\/shop.lincasa.lt\/product\/linine-paklode-su-guma-130x200-cm\/"},"modified":"2024-09-09T10:36:54","modified_gmt":"2024-09-09T10:36:54","slug":"linine-paklode-su-guma-130x200-cm","status":"publish","type":"product","link":"https:\/\/shop.lincasa.lt\/en\/product\/linine-paklode-su-guma-130x200-cm\/","title":{"rendered":"Linen sheet with elastic 130\u00d7200 cm"},"content":{"rendered":"<p><table cellspacing=\"0\" cellpadding=\"0\" width=\"214\" border=\"0\"><br \/>\n<colgroup><br \/>\n<col width=\"214\"><br \/>\n<tbody><br \/>\n<tr><br \/>\n<td height=\"24\" width=\"214\"><\/td><\/tr><br \/>\n<tr><br \/>\n<td height=\"24\"><font face=\"Calibri\"><\/font><\/td><\/tr><\/tbody><\/table><br \/>\n<table cellspacing=\"0\" cellpadding=\"0\" width=\"214\" border=\"0\"><br \/>\n<colgroup><br \/>\n<col width=\"214\"><br \/>\n<tbody><br \/>\n<tr><br \/>\n<td height=\"24\" width=\"214\"><font face=\"Calibri\">\u0160i prigludusi paklod\u0117 apkabina j\u016bs\u0173 \u010diu\u017ein\u012f i\u0161tisiniu elastiniu apvadu. Mink\u0161\u010diausia patalyn\u0117, kuri\u0105 kada nors paliesite, i\u0161skalbtas, kad jaustum\u0117t\u0117s puikiai jau nuo pirmos nakties.<\/font><\/td><\/tr><\/tbody><\/table><\/p>","protected":false},"excerpt":{"rendered":"<p>Patogi, patvari prigludusi paklod\u0117<\/p>","protected":false},"featured_media":10696,"comment_status":"open","ping_status":"closed","template":"","meta":{"_acf_changed":false,"_monsterinsights_skip_tracking":false,"_monsterinsights_sitenote_active":false,"_monsterinsights_sitenote_note":"","_monsterinsights_sitenote_category":0},"product_cat":[1187],"product_tag":[],"class_list":{"0":"post-10632","1":"product","2":"type-product","3":"status-publish","4":"has-post-thumbnail","6":"product_cat-uncategorized","8":"first","9":"instock","10":"taxable","11":"shipping-taxable","12":"purchasable","13":"product-type-simple"},"acf":[],"aioseo_notices":[],"_links":{"self":[{"href":"https:\/\/shop.lincasa.lt\/en\/wp-json\/wp\/v2\/product\/10632","targetHints":{"allow":["GET"]}}],"collection":[{"href":"https:\/\/shop.lincasa.lt\/en\/wp-json\/wp\/v2\/product"}],"about":[{"href":"https:\/\/shop.lincasa.lt\/en\/wp-json\/wp\/v2\/types\/product"}],"replies":[{"embeddable":true,"href":"https:\/\/shop.lincasa.lt\/en\/wp-json\/wp\/v2\/comments?post=10632"}],"wp:featuredmedia":[{"embeddable":true,"href":"https:\/\/shop.lincasa.lt\/en\/wp-json\/wp\/v2\/media\/10696"}],"wp:attachment":[{"href":"https:\/\/shop.lincasa.lt\/en\/wp-json\/wp\/v2\/media?parent=10632"}],"wp:term":[{"taxonomy":"product_cat","embeddable":true,"href":"https:\/\/shop.lincasa.lt\/en\/wp-json\/wp\/v2\/product_cat?post=10632"},{"taxonomy":"product_tag","embeddable":true,"href":"https:\/\/shop.lincasa.lt\/en\/wp-json\/wp\/v2\/product_tag?post=10632"}],"curies":[{"name":"wp","href":"https:\/\/api.w.org\/{rel}","templated":true}]}}