{"id":7234,"date":"2022-10-21T09:58:58","date_gmt":"2022-10-21T09:58:58","guid":{"rendered":"https:\/\/shop.lincasa.lt\/?page_id=7234"},"modified":"2023-07-13T11:07:49","modified_gmt":"2023-07-13T11:07:49","slug":"eu-support","status":"publish","type":"page","link":"https:\/\/shop.lincasa.lt\/en\/eu-support\/","title":{"rendered":"EU Support"},"content":{"rendered":"<figure class=\"wp-block-image size-full\"><img fetchpriority=\"high\" decoding=\"async\" width=\"600\" height=\"300\" src=\"https:\/\/shop.lincasa.lt\/wp-content\/uploads\/2022\/10\/kuriame-lietuvos-ateiti3-600x300-1.jpg\" alt=\"\" class=\"wp-image-7235\" srcset=\"https:\/\/shop.lincasa.lt\/wp-content\/uploads\/2022\/10\/kuriame-lietuvos-ateiti3-600x300-1.jpg 600w, https:\/\/shop.lincasa.lt\/wp-content\/uploads\/2022\/10\/kuriame-lietuvos-ateiti3-600x300-1-300x150.jpg 300w, https:\/\/shop.lincasa.lt\/wp-content\/uploads\/2022\/10\/kuriame-lietuvos-ateiti3-600x300-1-150x75.jpg 150w, https:\/\/shop.lincasa.lt\/wp-content\/uploads\/2022\/10\/kuriame-lietuvos-ateiti3-600x300-1-18x9.jpg 18w, https:\/\/shop.lincasa.lt\/wp-content\/uploads\/2022\/10\/kuriame-lietuvos-ateiti3-600x300-1-441x221.jpg 441w\" sizes=\"(max-width: 600px) 100vw, 600px\" \/><\/figure><p>Lincasa UAB is implementing the project \"Implementation of the e-commerce model for LINCASA UAB\", financed by the European Regional Development Fund as the European Union's response to the COVID-19 pandemic, under the European Union Funds for Investment Operational Programme for 2014-2020, Priority 13, \"Promoting action to tackle the crisis caused by the COVID-19 pandemic and preparing for an environmentally friendly, digital and sustainable recovery\", Measure No. 13.1.1-LVPA-K-860, \"COVID-19 e-commerce model\"<\/p><p><strong>Project objective<\/strong> - Deploying information technology to manage business transactions electronically to increase revenue growth.<\/p><p>The project will involve the purchase of software to develop a customer self-service solution that will be used for both placing and receiving orders and communicating between customers and the sales team in a single online environment. The self-service solution will also be integrated with the company's resource management\/accounting system.<\/p><p><strong>Project promoter:<\/strong> UAB \"Lincasa\"<br><strong>Project implementation period:<\/strong> 15 September 2021 - 08 February 2023<br><strong>Project code:<\/strong> 13.1.1-LVPA-K-860-01-0192<br><strong>Total project value:<\/strong> EUR 67 200,00 (of which EUR 50 000,00 from grant funding)<\/p>","protected":false},"excerpt":{"rendered":"<p>UAB \u201eLincasa\u201c \u012fgyvendina projekt\u0105 \u201eUAB \u201eLINCASA\u201c e.komercijos modelio diegimas, finansuojam\u0105 i\u0161 Europos regionin\u0117s pl\u0117tros fondo, kaip Europos S\u0105jungos atsako \u012f COVID-19 pandemij\u0105 priemon\u0117 pagal 2014\u20132020 met\u0173 Europos S\u0105jungos fond\u0173 investicij\u0173 veiksm\u0173 programos 13 prioriteto \u201eVeiksm\u0173, skirt\u0173 COVID-19 pandemijos sukeltai krizei \u012fveikti, skatinimas ir pasirengimas aplink\u0105 tausojan\u010diam, skaitmeniniam ir tvariam ekonomikos atsigavimui\u201c priemon\u0119 Nr. 13.1.1-LVPA-K- 860 [&hellip;]<\/p>","protected":false},"author":1,"featured_media":0,"parent":0,"menu_order":0,"comment_status":"closed","ping_status":"closed","template":"","meta":{"_acf_changed":false,"_monsterinsights_skip_tracking":false,"_monsterinsights_sitenote_active":false,"_monsterinsights_sitenote_note":"","_monsterinsights_sitenote_category":0,"footnotes":""},"class_list":["post-7234","page","type-page","status-publish","hentry"],"acf":[],"aioseo_notices":[],"_links":{"self":[{"href":"https:\/\/shop.lincasa.lt\/en\/wp-json\/wp\/v2\/pages\/7234","targetHints":{"allow":["GET"]}}],"collection":[{"href":"https:\/\/shop.lincasa.lt\/en\/wp-json\/wp\/v2\/pages"}],"about":[{"href":"https:\/\/shop.lincasa.lt\/en\/wp-json\/wp\/v2\/types\/page"}],"author":[{"embeddable":true,"href":"https:\/\/shop.lincasa.lt\/en\/wp-json\/wp\/v2\/users\/1"}],"replies":[{"embeddable":true,"href":"https:\/\/shop.lincasa.lt\/en\/wp-json\/wp\/v2\/comments?post=7234"}],"version-history":[{"count":2,"href":"https:\/\/shop.lincasa.lt\/en\/wp-json\/wp\/v2\/pages\/7234\/revisions"}],"predecessor-version":[{"id":8991,"href":"https:\/\/shop.lincasa.lt\/en\/wp-json\/wp\/v2\/pages\/7234\/revisions\/8991"}],"wp:attachment":[{"href":"https:\/\/shop.lincasa.lt\/en\/wp-json\/wp\/v2\/media?parent=7234"}],"curies":[{"name":"wp","href":"https:\/\/api.w.org\/{rel}","templated":true}]}}