{"id":12,"date":"2022-12-27T11:13:44","date_gmt":"2022-12-27T11:13:44","guid":{"rendered":"https:\/\/shop.lincasa.lt\/?page_id=12"},"modified":"2022-12-27T11:33:45","modified_gmt":"2022-12-27T11:33:45","slug":"refund_returns","status":"publish","type":"page","link":"https:\/\/shop.lincasa.lt\/en\/refund_returns\/","title":{"rendered":"RETURNS, EXCHANGES"},"content":{"rendered":"<p>We accept returns or exchanges for all our products within 15 days from the day you received your order.<\/p><p>Returns and recalls :<\/p><p>- The item(s) must be in the same condition with the labels.<\/p><p>- The item(s) cannot be worn, washed or altered.<\/p><p>Unfortunately, we will not be able to accept the item(s) if they do not meet the specified requirements.<\/p><p><strong>ARE REFUNDS FREE?<\/strong><\/p><p>Shipping costs for returning the item(s) are borne by the customer.<\/p><p><strong>HOW AND WHERE TO RETURN THE PRODUCT?<\/strong><\/p><p>To initiate a refund, please write us a letter&nbsp;<strong>hello@<\/strong><strong>lincasa.com<\/strong> using the same email address you used to order the product(s).<\/p><p>We will provide you with the full return address by contacting the email address provided.<\/p><p>Once the item(s) have been received, you will receive a new item (replacement) or a full refund (the price of the item excluding shipping costs).<\/p><p><strong><em>lincasa.com<\/em><\/strong> are not responsible for the return of lost goods. To return the item(s), we recommend that you use a registered parcel and keep the parcel details.<\/p><p><strong>HOW LONG IT TAKES TO RETURN\/EXCHANGE THE ITEM(S)<\/strong><\/p><p><strong><em>lincasa.com<\/em><\/strong> will reply to your refund request within 24 hours.<\/p><p><strong>WHAT TO DO IF I RECEIVE A DAMAGED PRODUCT<\/strong><strong>(S) OR WITHDRAW<\/strong><strong>WRONG PRODUCT(S) SENT?<\/strong><\/p><p>We hope this will never happen, but if you receive damaged item(s) or there is a manufacturing error, please contact us immediately by emailing\u00a0<strong>hello@lincasa.com<\/strong> or by phone<strong>\u00a0<\/strong><a href=\"http:\/\/+37061587702\" title=\"+37061587702\">+37061587702<\/a><\/p><p><\/p>","protected":false},"excerpt":{"rendered":"<p>Mes priimame gr\u0105\u017einimus arba keitimus u\u017e visus m\u016bs\u0173 gaminius per 15 dien\u0173 nuo dienos, kai gavote u\u017esakym\u0105. Preki\u0173 gr\u0105\u017einimo rekalavimai : &#8211; Prek\u0117(-\u0117s) privalo b\u016bti tokios pat b\u016bkl\u0117s su etiket\u0117mis. &#8211; Prek\u0117(-\u0117s) negali b\u016bti d\u0117vima, plauta ar pakeista. Deja, bet negal\u0117sime priimti prek\u0117s(-i\u0173), jei ji neatitiks nurodyt\u0173 reikalavim\u0173. AR GR\u0104\u017dINIMAS NEMOKAMAS? Siuntimo i\u0161laidos gr\u0105\u017einant prek\u0119(-es)&nbsp;yra [&hellip;]<\/p>","protected":false},"author":1,"featured_media":0,"parent":0,"menu_order":0,"comment_status":"closed","ping_status":"closed","template":"","meta":{"_acf_changed":false,"_monsterinsights_skip_tracking":false,"_monsterinsights_sitenote_active":false,"_monsterinsights_sitenote_note":"","_monsterinsights_sitenote_category":0,"footnotes":""},"class_list":["post-12","page","type-page","status-publish","hentry"],"acf":[],"aioseo_notices":[],"_links":{"self":[{"href":"https:\/\/shop.lincasa.lt\/en\/wp-json\/wp\/v2\/pages\/12","targetHints":{"allow":["GET"]}}],"collection":[{"href":"https:\/\/shop.lincasa.lt\/en\/wp-json\/wp\/v2\/pages"}],"about":[{"href":"https:\/\/shop.lincasa.lt\/en\/wp-json\/wp\/v2\/types\/page"}],"author":[{"embeddable":true,"href":"https:\/\/shop.lincasa.lt\/en\/wp-json\/wp\/v2\/users\/1"}],"replies":[{"embeddable":true,"href":"https:\/\/shop.lincasa.lt\/en\/wp-json\/wp\/v2\/comments?post=12"}],"version-history":[{"count":3,"href":"https:\/\/shop.lincasa.lt\/en\/wp-json\/wp\/v2\/pages\/12\/revisions"}],"predecessor-version":[{"id":7382,"href":"https:\/\/shop.lincasa.lt\/en\/wp-json\/wp\/v2\/pages\/12\/revisions\/7382"}],"wp:attachment":[{"href":"https:\/\/shop.lincasa.lt\/en\/wp-json\/wp\/v2\/media?parent=12"}],"curies":[{"name":"wp","href":"https:\/\/api.w.org\/{rel}","templated":true}]}}