{"id":1004,"date":"2020-10-09T13:39:05","date_gmt":"2020-10-09T13:39:05","guid":{"rendered":"http:\/\/shoptimizer.local\/?page_id=848"},"modified":"2023-07-13T11:16:24","modified_gmt":"2023-07-13T11:16:24","slug":"about","status":"publish","type":"page","link":"https:\/\/shop.lincasa.lt\/en\/about\/","title":{"rendered":"About us"},"content":{"rendered":"<div data-elementor-type=\"wp-post\" data-elementor-id=\"1004\" class=\"elementor elementor-1004\">\n\t\t\t\t\t\t<section class=\"elementor-section elementor-top-section elementor-element elementor-element-14adc54 elementor-section-boxed elementor-section-height-default elementor-section-height-default\" data-id=\"14adc54\" data-element_type=\"section\" data-settings=\"{&quot;ekit_has_onepagescroll_dot&quot;:&quot;yes&quot;}\">\n\t\t\t\t\t\t<div class=\"elementor-container elementor-column-gap-default\">\n\t\t\t\t\t<div class=\"elementor-column elementor-col-100 elementor-top-column elementor-element elementor-element-b510560\" data-id=\"b510560\" data-element_type=\"column\">\n\t\t\t<div class=\"elementor-widget-wrap elementor-element-populated\">\n\t\t\t\t\t\t<div class=\"elementor-element elementor-element-1c9c6d0 elementor-widget elementor-widget-spacer\" data-id=\"1c9c6d0\" data-element_type=\"widget\" data-settings=\"{&quot;ekit_we_effect_on&quot;:&quot;none&quot;}\" data-widget_type=\"spacer.default\">\n\t\t\t\t<div class=\"elementor-widget-container\">\n\t\t\t<style>\/*! elementor - v3.19.0 - 29-01-2024 *\/\n.elementor-column .elementor-spacer-inner{height:var(--spacer-size)}.e-con{--container-widget-width:100%}.e-con-inner>.elementor-widget-spacer,.e-con>.elementor-widget-spacer{width:var(--container-widget-width,var(--spacer-size));--align-self:var(--container-widget-align-self,initial);--flex-shrink:0}.e-con-inner>.elementor-widget-spacer>.elementor-widget-container,.e-con>.elementor-widget-spacer>.elementor-widget-container{height:100%;width:100%}.e-con-inner>.elementor-widget-spacer>.elementor-widget-container>.elementor-spacer,.e-con>.elementor-widget-spacer>.elementor-widget-container>.elementor-spacer{height:100%}.e-con-inner>.elementor-widget-spacer>.elementor-widget-container>.elementor-spacer>.elementor-spacer-inner,.e-con>.elementor-widget-spacer>.elementor-widget-container>.elementor-spacer>.elementor-spacer-inner{height:var(--container-widget-height,var(--spacer-size))}.e-con-inner>.elementor-widget-spacer.elementor-widget-empty,.e-con>.elementor-widget-spacer.elementor-widget-empty{position:relative;min-height:22px;min-width:22px}.e-con-inner>.elementor-widget-spacer.elementor-widget-empty .elementor-widget-empty-icon,.e-con>.elementor-widget-spacer.elementor-widget-empty .elementor-widget-empty-icon{position:absolute;top:0;bottom:0;left:0;right:0;margin:auto;padding:0;width:22px;height:22px}<\/style>\t\t<div class=\"elementor-spacer\">\n\t\t\t<div class=\"elementor-spacer-inner\"><\/div>\n\t\t<\/div>\n\t\t\t\t<\/div>\n\t\t\t\t<\/div>\n\t\t\t\t\t<\/div>\n\t\t<\/div>\n\t\t\t\t\t<\/div>\n\t\t<\/section>\n\t\t\t\t<section class=\"elementor-section elementor-top-section elementor-element elementor-element-addd61d elementor-section-boxed elementor-section-height-default elementor-section-height-default\" data-id=\"addd61d\" data-element_type=\"section\" data-settings=\"{&quot;ekit_has_onepagescroll_dot&quot;:&quot;yes&quot;}\">\n\t\t\t\t\t\t<div class=\"elementor-container elementor-column-gap-default\">\n\t\t\t\t\t<div class=\"elementor-column elementor-col-50 elementor-top-column elementor-element elementor-element-9e8d6a4\" data-id=\"9e8d6a4\" data-element_type=\"column\">\n\t\t\t<div class=\"elementor-widget-wrap elementor-element-populated\">\n\t\t\t\t\t\t<div class=\"elementor-element elementor-element-f8ef9ee elementor-widget elementor-widget-spacer\" data-id=\"f8ef9ee\" data-element_type=\"widget\" data-settings=\"{&quot;ekit_we_effect_on&quot;:&quot;none&quot;}\" data-widget_type=\"spacer.default\">\n\t\t\t\t<div class=\"elementor-widget-container\">\n\t\t\t\t\t<div class=\"elementor-spacer\">\n\t\t\t<div class=\"elementor-spacer-inner\"><\/div>\n\t\t<\/div>\n\t\t\t\t<\/div>\n\t\t\t\t<\/div>\n\t\t\t\t<div class=\"elementor-element elementor-element-07a58ad elementor-widget elementor-widget-heading\" data-id=\"07a58ad\" data-element_type=\"widget\" data-settings=\"{&quot;ekit_we_effect_on&quot;:&quot;none&quot;}\" data-widget_type=\"heading.default\">\n\t\t\t\t<div class=\"elementor-widget-container\">\n\t\t\t<style>\/*! elementor - v3.19.0 - 29-01-2024 *\/\n.elementor-heading-title{padding:0;margin:0;line-height:1}.elementor-widget-heading .elementor-heading-title[class*=elementor-size-]>a{color:inherit;font-size:inherit;line-height:inherit}.elementor-widget-heading .elementor-heading-title.elementor-size-small{font-size:15px}.elementor-widget-heading .elementor-heading-title.elementor-size-medium{font-size:19px}.elementor-widget-heading .elementor-heading-title.elementor-size-large{font-size:29px}.elementor-widget-heading .elementor-heading-title.elementor-size-xl{font-size:39px}.elementor-widget-heading .elementor-heading-title.elementor-size-xxl{font-size:59px}<\/style><h2 class=\"elementor-heading-title elementor-size-default\">A trusted supplier of household fabrics worldwide.<\/h2>\t\t<\/div>\n\t\t\t\t<\/div>\n\t\t\t\t<div class=\"elementor-element elementor-element-49283e1 elementor-widget elementor-widget-text-editor\" data-id=\"49283e1\" data-element_type=\"widget\" data-settings=\"{&quot;ekit_we_effect_on&quot;:&quot;none&quot;}\" data-widget_type=\"text-editor.default\">\n\t\t\t\t<div class=\"elementor-widget-container\">\n\t\t\t<style>\/*! elementor - v3.19.0 - 29-01-2024 *\/\n.elementor-widget-text-editor.elementor-drop-cap-view-stacked .elementor-drop-cap{background-color:#69727d;color:#fff}.elementor-widget-text-editor.elementor-drop-cap-view-framed .elementor-drop-cap{color:#69727d;border:3px solid;background-color:transparent}.elementor-widget-text-editor:not(.elementor-drop-cap-view-default) .elementor-drop-cap{margin-top:8px}.elementor-widget-text-editor:not(.elementor-drop-cap-view-default) .elementor-drop-cap-letter{width:1em;height:1em}.elementor-widget-text-editor .elementor-drop-cap{float:left;text-align:center;line-height:1;font-size:50px}.elementor-widget-text-editor .elementor-drop-cap-letter{display:inline-block}<\/style>\t\t\t\t<p>We produce high quality home and kitchen textiles, men's and women's clothing according to market trends and demand. We pay special attention to meeting the needs of all our customers.<\/p>\t\t\t\t\t\t<\/div>\n\t\t\t\t<\/div>\n\t\t\t\t\t<\/div>\n\t\t<\/div>\n\t\t\t\t<div class=\"elementor-column elementor-col-50 elementor-top-column elementor-element elementor-element-3740f5c\" data-id=\"3740f5c\" data-element_type=\"column\">\n\t\t\t<div class=\"elementor-widget-wrap elementor-element-populated\">\n\t\t\t\t\t\t<div class=\"elementor-element elementor-element-065354a elementor-widget elementor-widget-image\" data-id=\"065354a\" data-element_type=\"widget\" data-settings=\"{&quot;ekit_we_effect_on&quot;:&quot;none&quot;}\" data-widget_type=\"image.default\">\n\t\t\t\t<div class=\"elementor-widget-container\">\n\t\t\t<style>\/*! elementor - v3.19.0 - 29-01-2024 *\/\n.elementor-widget-image{text-align:center}.elementor-widget-image a{display:inline-block}.elementor-widget-image a img[src$=\".svg\"]{width:48px}.elementor-widget-image img{vertical-align:middle;display:inline-block}<\/style>\t\t\t\t\t\t\t\t\t\t<img fetchpriority=\"high\" decoding=\"async\" width=\"1000\" height=\"667\" src=\"https:\/\/shop.lincasa.lt\/wp-content\/uploads\/2022\/10\/machine-hemstitch-titul-min-min.jpg\" class=\"attachment-large size-large wp-image-7254 wvs-archive-product-image\" alt=\"\" srcset=\"https:\/\/shop.lincasa.lt\/wp-content\/uploads\/2022\/10\/machine-hemstitch-titul-min-min.jpg 1000w, https:\/\/shop.lincasa.lt\/wp-content\/uploads\/2022\/10\/machine-hemstitch-titul-min-min-300x200.jpg 300w, https:\/\/shop.lincasa.lt\/wp-content\/uploads\/2022\/10\/machine-hemstitch-titul-min-min-150x100.jpg 150w, https:\/\/shop.lincasa.lt\/wp-content\/uploads\/2022\/10\/machine-hemstitch-titul-min-min-800x534.jpg 800w, https:\/\/shop.lincasa.lt\/wp-content\/uploads\/2022\/10\/machine-hemstitch-titul-min-min-768x512.jpg 768w, https:\/\/shop.lincasa.lt\/wp-content\/uploads\/2022\/10\/machine-hemstitch-titul-min-min-18x12.jpg 18w, https:\/\/shop.lincasa.lt\/wp-content\/uploads\/2022\/10\/machine-hemstitch-titul-min-min-990x660.jpg 990w, https:\/\/shop.lincasa.lt\/wp-content\/uploads\/2022\/10\/machine-hemstitch-titul-min-min-441x294.jpg 441w\" sizes=\"(max-width: 360px) 147px, (max-width: 1000px) 100vw, 1000px\" \/>\t\t\t\t\t\t\t\t\t\t\t\t\t<\/div>\n\t\t\t\t<\/div>\n\t\t\t\t\t<\/div>\n\t\t<\/div>\n\t\t\t\t\t<\/div>\n\t\t<\/section>\n\t\t\t\t<section class=\"elementor-section elementor-top-section elementor-element elementor-element-983905d elementor-section-boxed elementor-section-height-default elementor-section-height-default\" data-id=\"983905d\" data-element_type=\"section\" data-settings=\"{&quot;ekit_has_onepagescroll_dot&quot;:&quot;yes&quot;}\">\n\t\t\t\t\t\t<div class=\"elementor-container elementor-column-gap-wider\">\n\t\t\t\t\t<div class=\"elementor-column elementor-col-50 elementor-top-column elementor-element elementor-element-7310116 elementor-invisible\" data-id=\"7310116\" data-element_type=\"column\" data-settings=\"{&quot;animation&quot;:&quot;fadeIn&quot;}\">\n\t\t\t<div class=\"elementor-widget-wrap elementor-element-populated\">\n\t\t\t\t\t\t<div class=\"elementor-element elementor-element-c04a566 animated-fast elementor-invisible elementor-widget elementor-widget-image\" data-id=\"c04a566\" data-element_type=\"widget\" data-settings=\"{&quot;_animation&quot;:&quot;fadeIn&quot;,&quot;ekit_we_effect_on&quot;:&quot;none&quot;}\" data-widget_type=\"image.default\">\n\t\t\t\t<div class=\"elementor-widget-container\">\n\t\t\t\t\t\t\t\t\t\t\t\t\t<img decoding=\"async\" width=\"900\" height=\"670\" src=\"https:\/\/shop.lincasa.lt\/wp-content\/uploads\/2022\/10\/MTI0035BML_BMS_BS_BT_HT_FC.png\" class=\"attachment-large size-large wp-image-7170 wvs-archive-product-image\" alt=\"\" srcset=\"https:\/\/shop.lincasa.lt\/wp-content\/uploads\/2022\/10\/MTI0035BML_BMS_BS_BT_HT_FC.png 900w, https:\/\/shop.lincasa.lt\/wp-content\/uploads\/2022\/10\/MTI0035BML_BMS_BS_BT_HT_FC-300x223.png 300w, https:\/\/shop.lincasa.lt\/wp-content\/uploads\/2022\/10\/MTI0035BML_BMS_BS_BT_HT_FC-150x112.png 150w, https:\/\/shop.lincasa.lt\/wp-content\/uploads\/2022\/10\/MTI0035BML_BMS_BS_BT_HT_FC-800x596.png 800w, https:\/\/shop.lincasa.lt\/wp-content\/uploads\/2022\/10\/MTI0035BML_BMS_BS_BT_HT_FC-768x572.png 768w, https:\/\/shop.lincasa.lt\/wp-content\/uploads\/2022\/10\/MTI0035BML_BMS_BS_BT_HT_FC-16x12.png 16w, https:\/\/shop.lincasa.lt\/wp-content\/uploads\/2022\/10\/MTI0035BML_BMS_BS_BT_HT_FC-441x328.png 441w\" sizes=\"(max-width: 360px) 147px, (max-width: 900px) 100vw, 900px\" \/>\t\t\t\t\t\t\t\t\t\t\t\t\t<\/div>\n\t\t\t\t<\/div>\n\t\t\t\t\t<\/div>\n\t\t<\/div>\n\t\t\t\t<div class=\"elementor-column elementor-col-50 elementor-top-column elementor-element elementor-element-34c609e elementor-invisible\" data-id=\"34c609e\" data-element_type=\"column\" data-settings=\"{&quot;animation&quot;:&quot;fadeIn&quot;,&quot;animation_delay&quot;:200}\">\n\t\t\t<div class=\"elementor-widget-wrap elementor-element-populated\">\n\t\t\t\t\t\t<div class=\"elementor-element elementor-element-c56239e elementor-widget elementor-widget-heading\" data-id=\"c56239e\" data-element_type=\"widget\" data-settings=\"{&quot;ekit_we_effect_on&quot;:&quot;none&quot;}\" data-widget_type=\"heading.default\">\n\t\t\t\t<div class=\"elementor-widget-container\">\n\t\t\t<h2 class=\"elementor-heading-title elementor-size-default\">What we do.<\/h2>\t\t<\/div>\n\t\t\t\t<\/div>\n\t\t\t\t<div class=\"elementor-element elementor-element-0886b90 elementor-widget elementor-widget-text-editor\" data-id=\"0886b90\" data-element_type=\"widget\" data-settings=\"{&quot;ekit_we_effect_on&quot;:&quot;none&quot;}\" data-widget_type=\"text-editor.default\">\n\t\t\t\t<div class=\"elementor-widget-container\">\n\t\t\t\t\t\t\t<p>We supply a wide range of clothing and home textiles collections made from fabrics approved by CELC's Masters of Linen organisation.<\/p><ul><li>Weaving and processing of woven fabrics for home textiles and garments in pure linen and linen blends;<\/li><li>Home textile sewing: tablecloths \/ napkins \/ placemats \/ aprons \/ kitchen towels \/ curtains;<\/li><li>Bed linen: linen\/linen blends or cotton;<\/li><li>Women's and men's tailoring: trousers, blouses, jackets, etc;<\/li><li><div class=\"ng-star-inserted\"><div class=\"tld-highlight-tree ng-star-inserted\"><span class=\"highlight-tree-child-wrapper ng-star-inserted hovered\"><span class=\"highlight-tree-child-wrapper tld-sentence tld-sentence-0-0 ng-star-inserted hovered\"><span class=\"tld-sibling-0-0-0 tld-word tld-word-0-0-0 ng-star-inserted hovered\">ornamental<\/span> <span class=\"tld-sibling-0-0-1 tld-word tld-word-0-0-1 ng-star-inserted\">fabrics<\/span> <span class=\"tld-sibling-0-0-2 tld-word tld-word-0-0-2 ng-star-inserted\">with<\/span> <span class=\"tld-sibling-0-0-3 tld-word tld-word-0-0-3 ng-star-inserted\">Cotton<\/span> <span class=\"tld-sibling-0-0-4 tld-word tld-word-0-0-4 ng-star-inserted\">or<\/span> <span class=\"tld-sibling-0-0-5 tld-word tld-word-0-0-5 ng-star-inserted\">linen<\/span> <span class=\"highlight-tree-child-wrapper multiple-word-wrapper ng-star-inserted\"><span class=\"tld-sibling-0-0-6 tld-word tld-word-0-0-6 ng-star-inserted\">with laces<\/span><span class=\"tld-sibling-0-0-7 tld-word tld-word-0-0-7 ng-star-inserted\">\/<\/span><span class=\"tld-sibling-0-0-8 tld-sibling-0-0-9 tld-word tld-word-0-0-8 ng-star-inserted\">machine-readable<\/span><\/span> <span class=\"tld-sibling-0-0-10 tld-sibling-0-0-11 tld-word tld-word-0-0-9 ng-star-inserted\">beating<\/span> <span class=\"tld-sibling-0-0-19 tld-word tld-word-0-0-10 ng-star-inserted\">spokes<\/span> <span class=\"highlight-tree-child-wrapper multiple-word-wrapper ng-star-inserted\"><span class=\"tld-sibling-0-0-12 tld-word tld-word-0-0-11 ng-star-inserted\">(<\/span><span class=\"tld-sibling-0-0-13 tld-word tld-word-0-0-12 ng-star-inserted\">Cornely<\/span><span class=\"tld-sibling-0-0-14 tld-word tld-word-0-0-13 ng-star-inserted\">)<\/span><\/span> <span class=\"tld-sibling-0-0-15 tld-word tld-word-0-0-14 ng-star-inserted\">or<\/span> <span class=\"tld-sibling-0-0-16 tld-word tld-word-0-0-15 ng-star-inserted\">manual<\/span> <span class=\"tld-sibling-0-0-16 tld-word tld-word-0-0-16 ng-star-inserted\">working<\/span> <span class=\"highlight-tree-child-wrapper multiple-word-wrapper ng-star-inserted\">(Hemstitch) <span class=\"tld-sibling-0-0-19 tld-word tld-word-0-0-19 ng-star-inserted\">embroider<\/span><\/span> <span class=\"tld-sibling-0-0-20 tld-word tld-word-0-0-20 ng-star-inserted\">products<\/span> <span class=\"highlight-tree-child-wrapper multiple-word-wrapper ng-star-inserted\"><span class=\"tld-sibling-0-0-20 tld-word tld-word-0-0-21 ng-star-inserted\">(<\/span><span class=\"tld-sibling-0-0-21 tld-word tld-word-0-0-22 ng-star-inserted\">Cornely<\/span><\/span> <span class=\"tld-sibling-0-0-22 tld-word tld-word-0-0-23 ng-star-inserted\">Baratto<\/span> <span class=\"highlight-tree-child-wrapper multiple-word-wrapper ng-star-inserted\"><span class=\"tld-sibling-0-0-23 tld-word tld-word-0-0-24 ng-star-inserted\">Stitch<\/span><span class=\"tld-sibling-0-0-24 tld-word tld-word-0-0-25 ng-star-inserted\">)<\/span><span class=\"tld-sibling-0-0-25 tld-word tld-word-0-0-26 ng-star-inserted\">.<\/span><\/span><\/span><\/span><\/div><\/div><\/li><\/ul>\t\t\t\t\t\t<\/div>\n\t\t\t\t<\/div>\n\t\t\t\t\t<\/div>\n\t\t<\/div>\n\t\t\t\t\t<\/div>\n\t\t<\/section>\n\t\t\t\t<section class=\"elementor-section elementor-top-section elementor-element elementor-element-bb36c6f elementor-section-boxed elementor-section-height-default elementor-section-height-default\" data-id=\"bb36c6f\" data-element_type=\"section\" data-settings=\"{&quot;ekit_has_onepagescroll_dot&quot;:&quot;yes&quot;}\">\n\t\t\t\t\t\t<div class=\"elementor-container elementor-column-gap-wider\">\n\t\t\t\t\t<div class=\"elementor-column elementor-col-50 elementor-top-column elementor-element elementor-element-2880450 elementor-invisible\" data-id=\"2880450\" data-element_type=\"column\" data-settings=\"{&quot;animation&quot;:&quot;fadeIn&quot;}\">\n\t\t\t<div class=\"elementor-widget-wrap elementor-element-populated\">\n\t\t\t\t\t\t<div class=\"elementor-element elementor-element-4bba07f elementor-widget elementor-widget-heading\" data-id=\"4bba07f\" data-element_type=\"widget\" data-settings=\"{&quot;ekit_we_effect_on&quot;:&quot;none&quot;}\" data-widget_type=\"heading.default\">\n\t\t\t\t<div class=\"elementor-widget-container\">\n\t\t\t<h2 class=\"elementor-heading-title elementor-size-default\">A closer look.<\/h2>\t\t<\/div>\n\t\t\t\t<\/div>\n\t\t\t\t<div class=\"elementor-element elementor-element-54d62f5 elementor-widget elementor-widget-text-editor\" data-id=\"54d62f5\" data-element_type=\"widget\" data-settings=\"{&quot;ekit_we_effect_on&quot;:&quot;none&quot;}\" data-widget_type=\"text-editor.default\">\n\t\t\t\t<div class=\"elementor-widget-container\">\n\t\t\t\t\t\t\t<p>We are a modern organisation with more than 70 employees. The monthly capacity of the sewing department is around 7000-9000 pieces of various products, depending on the complexity of the patterns.<\/p><ul><li>Cooperation in weaving and finishing special fabrics and designs for home textiles and clothing in pure linen fabrics and linen blends;<\/li><li>Available fabric finishes: plain dyeing\/softening\/pre-shrinking;<\/li><li>Jacquard kitchen towels in linen or cotton;<\/li><li>Sewing services from customer materials.<\/li><\/ul>\t\t\t\t\t\t<\/div>\n\t\t\t\t<\/div>\n\t\t\t\t\t<\/div>\n\t\t<\/div>\n\t\t\t\t<div class=\"elementor-column elementor-col-50 elementor-top-column elementor-element elementor-element-7899afa elementor-invisible\" data-id=\"7899afa\" data-element_type=\"column\" data-settings=\"{&quot;animation&quot;:&quot;fadeIn&quot;,&quot;animation_delay&quot;:200}\">\n\t\t\t<div class=\"elementor-widget-wrap elementor-element-populated\">\n\t\t\t\t\t\t<div class=\"elementor-element elementor-element-db9c3d4 animated-fast elementor-invisible elementor-widget elementor-widget-image\" data-id=\"db9c3d4\" data-element_type=\"widget\" data-settings=\"{&quot;_animation&quot;:&quot;fadeIn&quot;,&quot;ekit_we_effect_on&quot;:&quot;none&quot;}\" data-widget_type=\"image.default\">\n\t\t\t\t<div class=\"elementor-widget-container\">\n\t\t\t\t\t\t\t\t\t\t\t\t\t<img decoding=\"async\" width=\"800\" height=\"600\" src=\"https:\/\/shop.lincasa.lt\/wp-content\/uploads\/2022\/10\/rusticlinen_blanket_colorrun_r.png\" class=\"attachment-large size-large wp-image-7188 wvs-archive-product-image\" alt=\"\" srcset=\"https:\/\/shop.lincasa.lt\/wp-content\/uploads\/2022\/10\/rusticlinen_blanket_colorrun_r.png 800w, https:\/\/shop.lincasa.lt\/wp-content\/uploads\/2022\/10\/rusticlinen_blanket_colorrun_r-300x225.png 300w, https:\/\/shop.lincasa.lt\/wp-content\/uploads\/2022\/10\/rusticlinen_blanket_colorrun_r-150x113.png 150w, https:\/\/shop.lincasa.lt\/wp-content\/uploads\/2022\/10\/rusticlinen_blanket_colorrun_r-768x576.png 768w, https:\/\/shop.lincasa.lt\/wp-content\/uploads\/2022\/10\/rusticlinen_blanket_colorrun_r-16x12.png 16w, https:\/\/shop.lincasa.lt\/wp-content\/uploads\/2022\/10\/rusticlinen_blanket_colorrun_r-441x331.png 441w\" sizes=\"(max-width: 360px) 147px, (max-width: 800px) 100vw, 800px\" \/>\t\t\t\t\t\t\t\t\t\t\t\t\t<\/div>\n\t\t\t\t<\/div>\n\t\t\t\t\t<\/div>\n\t\t<\/div>\n\t\t\t\t\t<\/div>\n\t\t<\/section>\n\t\t\t\t<\/div>","protected":false},"excerpt":{"rendered":"<p>Patikimas buitini\u0173 audini\u0173 tiek\u0117jas visame pasaulyje. Pagal rinkos tendencijas ir paklaus\u0105 gaminame auk\u0161tos kokyb\u0117s nam\u0173 ir virtuv\u0117s tekstil\u0117s gaminius, vyri\u0161kus ir moteri\u0161kus drabu\u017eius. Ypating\u0105 d\u0117mes\u012f skiriame vis\u0173 m\u016bs\u0173 klient\u0173 poreikiams tenkinti. K\u0105 mes darome. Mes tiekiame \u012fvairias drabu\u017ei\u0173 ir buitin\u0117s tekstil\u0117s kolekcijas, pagamintas i\u0161 audini\u0173, kuriuos patvirtino CELC organizacija \u201eLino meistrai\u201c. Audimas ir apdirbimas audiniams, [&hellip;]<\/p>","protected":false},"author":1,"featured_media":0,"parent":0,"menu_order":0,"comment_status":"closed","ping_status":"closed","template":"template-fullwidth-no-heading.php","meta":{"_acf_changed":false,"_monsterinsights_skip_tracking":false,"_monsterinsights_sitenote_active":false,"_monsterinsights_sitenote_note":"","_monsterinsights_sitenote_category":0,"footnotes":""},"class_list":["post-1004","page","type-page","status-publish","hentry"],"acf":[],"aioseo_notices":[],"_links":{"self":[{"href":"https:\/\/shop.lincasa.lt\/en\/wp-json\/wp\/v2\/pages\/1004","targetHints":{"allow":["GET"]}}],"collection":[{"href":"https:\/\/shop.lincasa.lt\/en\/wp-json\/wp\/v2\/pages"}],"about":[{"href":"https:\/\/shop.lincasa.lt\/en\/wp-json\/wp\/v2\/types\/page"}],"author":[{"embeddable":true,"href":"https:\/\/shop.lincasa.lt\/en\/wp-json\/wp\/v2\/users\/1"}],"replies":[{"embeddable":true,"href":"https:\/\/shop.lincasa.lt\/en\/wp-json\/wp\/v2\/comments?post=1004"}],"version-history":[{"count":26,"href":"https:\/\/shop.lincasa.lt\/en\/wp-json\/wp\/v2\/pages\/1004\/revisions"}],"predecessor-version":[{"id":9009,"href":"https:\/\/shop.lincasa.lt\/en\/wp-json\/wp\/v2\/pages\/1004\/revisions\/9009"}],"wp:attachment":[{"href":"https:\/\/shop.lincasa.lt\/en\/wp-json\/wp\/v2\/media?parent=1004"}],"curies":[{"name":"wp","href":"https:\/\/api.w.org\/{rel}","templated":true}]}}